{"id":490,"date":"2016-02-19T18:46:44","date_gmt":"2016-02-19T18:46:44","guid":{"rendered":"http:\/\/the7.dream-demo.com\/demo\/expedition\/?page_id=2"},"modified":"2024-02-09T15:33:47","modified_gmt":"2024-02-09T15:33:47","slug":"climbing-courses-personalized-coaching-and-guiding-multi-pitch","status":"publish","type":"page","link":"https:\/\/www.leonidioclimbingguide.com\/en\/","title":{"rendered":"Home"},"content":{"rendered":"<div class=\"wpb-content-wrapper\"><p>[vc_row][vc_column][vc_column_text]<\/p>\n<h1>Simon Montmory : Leonidio Climbing Guide<\/h1>\n<h2>Climbing courses &#8211; Personalized Coaching &amp; Guiding &#8211; Multi-pitch<\/h2>\n<p>[\/vc_column_text][vc_column_text]<\/p>\n<h3>Leonidio \u2013 Greece<\/h3>\n<h3>The perfect winter climbing destination<\/h3>\n<p>Leonidio is certainly one of the most pittoresque places in Peloponese with its traditional stone houses, caf\u00e9s and always so warm atmosphere. An impressive red limestone cliff overlooks at the village, small part of a vast climbing area in full development.<\/p>\n<p>There are about 2000 routes for the moment, in a large variety of styles, from tufas to crimpy slab climbing, mainly on red or grey limestone.<\/p>\n<p>It is the best winter climbing spot as most of the crags are in the sun and mild climate.[\/vc_column_text][\/vc_column][\/vc_row][vc_row][vc_column][vc_column_text]<\/p>\n<h2 style=\"text-align: center;\">Choose your<\/h2>\n<h1 style=\"text-align: center;\">Leonidio Climbing Course<\/h1>\n<p>[\/vc_column_text][\/vc_column][\/vc_row][vc_row][vc_column width=&#8221;1\/2&#8243;]<div tabindex=\"0\" class=\"ult-new-ib ult-ib-effect-style6  ult-ib-resp ult-ib2-min-height \" data-min-width=\"768\" data-max-width=\"900\" style=\" opacity:0; \" data-opacity=\"1\" data-hover-opacity=\"1\"  data-min-height=\"380\" ><img decoding=\"async\" class=\"ult-new-ib-img\" style=\"opacity:1;\" alt=\"null\" src=\"https:\/\/www.leonidioclimbingguide.com\/wp-content\/uploads\/2019\/03\/DSCN2966.jpg\"  data-min-height=\"380\"   \/><div id=\"interactive-banner-wrap-7867\" class=\"ult-new-ib-desc\" style=\"\"><h2 class=\"ult-new-ib-title ult-responsive\"  data-ultimate-target='#interactive-banner-wrap-7867 .ult-new-ib-title'  data-responsive-json-new='{\"font-size\":\"desktop:30px;tablet:25px;tablet_portrait:25px;mobile_landscape:18px;mobile:18px;\",\"line-height\":\"desktop:30px;tablet:25px;tablet_portrait:25px;mobile_landscape:18px;mobile:18px;\"}'  style=\"font-weight:normal;\">Transition Indoor \/ Outdoor<\/h2><div class=\"ult-new-ib-content ult-responsive\"  data-ultimate-target='#interactive-banner-wrap-7867 .ult-new-ib-content'  data-responsive-json-new='{\"font-size\":\"desktop:18px;tablet:16px;tablet_portrait:16px;mobile_landscape:14px;mobile:14px;\",\"line-height\":\"desktop:22px;tablet:20px;tablet_portrait:20px;mobile_landscape:18px;mobile:18px;\"}'  style=\"font-weight:normal;\"><p>Authentic rock climbing experience<br \/>\nFor gym climbers to make their first step on real rock!<\/p><\/div><\/div><a class=\"ult-new-ib-link\" href=\"https:\/\/www.leonidioclimbingguide.com\/transition-indoor-outdoor\/\" title=\"Transition Salle\/Falaise\"  ><\/a><\/div>[\/vc_column][vc_column width=&#8221;1\/2&#8243;]<div tabindex=\"0\" class=\"ult-new-ib ult-ib-effect-style6  ult-ib-resp ult-ib2-min-height \" data-min-width=\"768\" data-max-width=\"900\" style=\" opacity:0; \" data-opacity=\"1\" data-hover-opacity=\"1\"  data-min-height=\"380\" ><img decoding=\"async\" class=\"ult-new-ib-img\" style=\"opacity:1;\" alt=\"null\" src=\"https:\/\/www.leonidioclimbingguide.com\/wp-content\/uploads\/2019\/02\/Stage-escalade-L\u00e9onidio-avec-Simon-Montmory-2-e1551774331938.jpg\"  data-min-height=\"380\"   \/><div id=\"interactive-banner-wrap-7198\" class=\"ult-new-ib-desc\" style=\"\"><h2 class=\"ult-new-ib-title ult-responsive\"  data-ultimate-target='#interactive-banner-wrap-7198 .ult-new-ib-title'  data-responsive-json-new='{\"font-size\":\"desktop:30px;tablet:25px;tablet_portrait:25px;mobile_landscape:18px;mobile:18px;\",\"line-height\":\"desktop:30px;tablet:25px;tablet_portrait:25px;mobile_landscape:18px;mobile:18px;\"}'  style=\"font-weight:normal;\">Improvement<\/h2><div class=\"ult-new-ib-content ult-responsive\"  data-ultimate-target='#interactive-banner-wrap-7198 .ult-new-ib-content'  data-responsive-json-new='{\"font-size\":\"desktop:18px;tablet:16px;tablet_portrait:16px;mobile_landscape:14px;mobile:14px;\",\"line-height\":\"desktop:22px;tablet:20px;tablet_portrait:20px;mobile_landscape:18px;mobile:18px;\"}'  style=\"font-weight:normal;\"><p>Improve your climbing skills<\/p><\/div><\/div><a class=\"ult-new-ib-link\" href=\"https:\/\/www.leonidioclimbingguide.com\/perfectionnement\/\" title=\"Perfectionnement\"  ><\/a><\/div>[\/vc_column][\/vc_row][vc_row][vc_column width=&#8221;1\/2&#8243;]<div tabindex=\"0\" class=\"ult-new-ib ult-ib-effect-style6  ult-ib-resp ult-ib2-min-height \" data-min-width=\"768\" data-max-width=\"900\" style=\" opacity:0; \" data-opacity=\"1\" data-hover-opacity=\"1\"  data-min-height=\"380\" ><img decoding=\"async\" class=\"ult-new-ib-img\" style=\"opacity:1;\" alt=\"null\" src=\"https:\/\/www.leonidioclimbingguide.com\/wp-content\/uploads\/2019\/03\/DSC02399.jpg\"  data-min-height=\"380\"   \/><div id=\"interactive-banner-wrap-5339\" class=\"ult-new-ib-desc\" style=\"\"><h2 class=\"ult-new-ib-title ult-responsive\"  data-ultimate-target='#interactive-banner-wrap-5339 .ult-new-ib-title'  data-responsive-json-new='{\"font-size\":\"desktop:30px;tablet:25px;tablet_portrait:25px;mobile_landscape:18px;mobile:18px;\",\"line-height\":\"desktop:30px;tablet:25px;tablet_portrait:25px;mobile_landscape:18px;mobile:18px;\"}'  style=\"font-weight:normal;\">Lead Climbing<\/h2><div class=\"ult-new-ib-content ult-responsive\"  data-ultimate-target='#interactive-banner-wrap-5339 .ult-new-ib-content'  data-responsive-json-new='{\"font-size\":\"desktop:18px;tablet:16px;tablet_portrait:16px;mobile_landscape:14px;mobile:14px;\",\"line-height\":\"desktop:22px;tablet:20px;tablet_portrait:20px;mobile_landscape:18px;mobile:18px;\"}'  style=\"font-weight:normal;\"><p>Performance<br \/>\n6b to 7a<\/p><\/div><\/div><a class=\"ult-new-ib-link\" href=\"https:\/\/www.leonidioclimbingguide.com\/lead-climbing\/\" title=\"Escalade en t\u00eate\"  ><\/a><\/div>[\/vc_column][vc_column width=&#8221;1\/2&#8243;]<div tabindex=\"0\" class=\"ult-new-ib ult-ib-effect-style6  ult-ib-resp ult-ib2-min-height \" data-min-width=\"768\" data-max-width=\"900\" style=\" opacity:0; \" data-opacity=\"1\" data-hover-opacity=\"1\"  data-min-height=\"380\" ><img decoding=\"async\" class=\"ult-new-ib-img\" style=\"opacity:1;\" alt=\"null\" src=\"https:\/\/www.leonidioclimbingguide.com\/wp-content\/uploads\/2019\/02\/DSC01008-e1551172319454.jpg\"  data-min-height=\"380\"   \/><div id=\"interactive-banner-wrap-8080\" class=\"ult-new-ib-desc\" style=\"\"><h2 class=\"ult-new-ib-title ult-responsive\"  data-ultimate-target='#interactive-banner-wrap-8080 .ult-new-ib-title'  data-responsive-json-new='{\"font-size\":\"desktop:30px;tablet:25px;tablet_portrait:25px;mobile_landscape:18px;mobile:18px;\",\"line-height\":\"desktop:30px;tablet:25px;tablet_portrait:25px;mobile_landscape:18px;mobile:18px;\"}'  style=\"font-weight:normal;\">Multi-pitch course<\/h2><div class=\"ult-new-ib-content ult-responsive\"  data-ultimate-target='#interactive-banner-wrap-8080 .ult-new-ib-content'  data-responsive-json-new='{\"font-size\":\"desktop:18px;tablet:16px;tablet_portrait:16px;mobile_landscape:14px;mobile:14px;\",\"line-height\":\"desktop:22px;tablet:20px;tablet_portrait:20px;mobile_landscape:18px;mobile:18px;\"}'  style=\"font-weight:normal;\"><p>3 day course<br \/>\nLearn all basic multi-pitch skills<\/p><\/div><\/div><a class=\"ult-new-ib-link\" href=\"https:\/\/www.leonidioclimbingguide.com\/multi-pitch-course\/\" title=\"Stage Grande Voie\"  ><\/a><\/div>[\/vc_column][\/vc_row][vc_row][vc_column width=&#8221;1\/2&#8243;]<div tabindex=\"0\" class=\"ult-new-ib ult-ib-effect-style6  ult-ib-resp ult-ib2-min-height \" data-min-width=\"768\" data-max-width=\"900\" style=\" opacity:0; \" data-opacity=\"1\" data-hover-opacity=\"1\"  data-min-height=\"380\" ><img decoding=\"async\" class=\"ult-new-ib-img\" style=\"opacity:1;\" alt=\"null\" src=\"https:\/\/www.leonidioclimbingguide.com\/wp-content\/uploads\/2019\/02\/DSC01018-e1551169084366.jpg\"  data-min-height=\"380\"   \/><div id=\"interactive-banner-wrap-2934\" class=\"ult-new-ib-desc\" style=\"\"><h2 class=\"ult-new-ib-title ult-responsive\"  data-ultimate-target='#interactive-banner-wrap-2934 .ult-new-ib-title'  data-responsive-json-new='{\"font-size\":\"desktop:30px;tablet:25px;tablet_portrait:25px;mobile_landscape:18px;mobile:18px;\",\"line-height\":\"desktop:30px;tablet:25px;tablet_portrait:25px;mobile_landscape:18px;mobile:18px;\"}'  style=\"font-weight:normal;\">Multi-pitch Day<\/h2><div class=\"ult-new-ib-content ult-responsive\"  data-ultimate-target='#interactive-banner-wrap-2934 .ult-new-ib-content'  data-responsive-json-new='{\"font-size\":\"desktop:18px;tablet:16px;tablet_portrait:16px;mobile_landscape:14px;mobile:14px;\",\"line-height\":\"desktop:22px;tablet:20px;tablet_portrait:20px;mobile_landscape:18px;mobile:18px;\"}'  style=\"font-weight:normal;\"><p>Stunning 270m high routes<br \/>\nOn red limestone crags above Leonidio<\/p><\/div><\/div><a class=\"ult-new-ib-link\" href=\"https:\/\/www.leonidioclimbingguide.com\/daily-multi-pitch\/\" title=\"Grande Voie \u00e0 la Journ\u00e9e\"  ><\/a><\/div>[\/vc_column][vc_column width=&#8221;1\/2&#8243;]<div tabindex=\"0\" class=\"ult-new-ib ult-ib-effect-style6  ult-ib-resp ult-ib2-min-height \" data-min-width=\"768\" data-max-width=\"900\" style=\" opacity:0; \" data-opacity=\"1\" data-hover-opacity=\"1\"  data-min-height=\"380\" ><img decoding=\"async\" class=\"ult-new-ib-img\" style=\"opacity:1;\" alt=\"null\" src=\"https:\/\/www.leonidioclimbingguide.com\/wp-content\/uploads\/2019\/02\/slide4.jpg\"  data-min-height=\"380\"   \/><div id=\"interactive-banner-wrap-7396\" class=\"ult-new-ib-desc\" style=\"\"><h2 class=\"ult-new-ib-title ult-responsive\"  data-ultimate-target='#interactive-banner-wrap-7396 .ult-new-ib-title'  data-responsive-json-new='{\"font-size\":\"desktop:30px;tablet:25px;tablet_portrait:25px;mobile_landscape:18px;mobile:18px;\",\"line-height\":\"desktop:30px;tablet:25px;tablet_portrait:25px;mobile_landscape:18px;mobile:18px;\"}'  style=\"font-weight:normal;\">Personal Coaching<\/h2><div class=\"ult-new-ib-content ult-responsive\"  data-ultimate-target='#interactive-banner-wrap-7396 .ult-new-ib-content'  data-responsive-json-new='{\"font-size\":\"desktop:18px;tablet:16px;tablet_portrait:16px;mobile_landscape:14px;mobile:14px;\",\"line-height\":\"desktop:22px;tablet:20px;tablet_portrait:20px;mobile_landscape:18px;mobile:18px;\"}'  style=\"font-weight:normal;\"><p>A tailor-made climbing program<br \/>\nTo improve and make the most of your climbing stay in Leonidio<\/p><\/div><\/div><a class=\"ult-new-ib-link\" href=\"https:\/\/www.leonidioclimbingguide.com\/coaching\/\"  ><\/a><\/div>[\/vc_column][\/vc_row][vc_row][vc_column][vc_column_text]<\/p>\n<h1 style=\"text-align: center;\">Leonidio Climbing Courses<\/h1>\n<h1 style=\"text-align: center;\">Calendar 2024<\/h1>\n<h1 style=\"text-align: center;\"><\/h1>\n<p><em>*Updated on 2024-02-08<\/em>[\/vc_column_text][\/vc_column][\/vc_row][vc_row][vc_column][vc_column_text]<\/p>\n<h2 style=\"text-align: center;\"><em>Upcoming Leonidio Climbing Courses<\/em><\/h2>\n<h2><\/h2>\n<h2>March 2024<\/h2>\n<p>24-29 March 2024: Personalized Coaching<\/p>\n<p>&nbsp;<\/p>\n<h2>April 2024<\/h2>\n<p>30 March \u2013 4 April 2024: Intermediate Climbing Course &#8211; Improve your climbing skills (<em>3 spots left<\/em>)<\/p>\n<p>&nbsp;<\/p>\n<h2>November 2024<\/h2>\n<p>3 &#8211; 8 November 2024: Intermediate Climbing Course &#8211; Improve your climbing skills (<em>6 spots left<\/em>)<\/p>\n<p>10 &#8211; 15 November 2024: Intermediate Climbing Course &#8211; Learn to lead (<em>6 spots left<\/em>)<\/p>\n<p>17 &#8211; 22 November 2024: Intermediate Climbing Course &#8211; Improve your climbing skills (<em>6 spots left<\/em>)<\/p>\n<p>25 &#8211; 30 November 2024: Intermediate Climbing Course &#8211; Learn to lead (<em>6 spots left<\/em>)<\/p>\n<p>&nbsp;<\/p>\n<h2>December 2024<\/h2>\n<p>22 &#8211; 27 December 2024: Intermediate Climbing Course &#8211; Improve your climbing skills (<em>6 spots left<\/em>)[\/vc_column_text][\/vc_column][\/vc_row][vc_row][vc_column][vc_btn title=&#8221;Info &amp; Booking&#8221; color=&#8221;warning&#8221; link=&#8221;url:https%3A%2F%2Fwww.leonidioclimbingguide.com%2Fcontact%2F|||&#8221;][\/vc_column][\/vc_row]<\/p>\n<\/div>","protected":false},"excerpt":{"rendered":"<p>[vc_row][vc_column][vc_column_text] Simon Montmory : Leonidio Climbing Guide Climbing courses &#8211; Personalized Coaching &amp; Guiding &#8211; Multi-pitch [\/vc_column_text][vc_column_text] Leonidio \u2013 Greece The perfect winter climbing destination Leonidio is certainly one of the most pittoresque places in Peloponese with its traditional stone houses, caf\u00e9s and always so warm atmosphere. An impressive red limestone cliff overlooks at the&hellip;<\/p>\n","protected":false},"author":1,"featured_media":0,"parent":0,"menu_order":10,"comment_status":"closed","ping_status":"open","template":"","meta":{"footnotes":""},"class_list":["post-490","page","type-page","status-publish","hentry","description-off"],"yoast_head":"<!-- This site is optimized with the Yoast SEO plugin v27.3 - https:\/\/yoast.com\/product\/yoast-seo-wordpress\/ -->\n<title>Leonidio Climbing Guide - Simon Montmory - Escalade Gr\u00e8ce P\u00e9loponn\u00e8se<\/title>\n<meta name=\"description\" content=\"Outdoor climbing courses, personalized coaching for climbers from 5 to 8a. Stages escalade perfectionnement falaise, coaching Leonidio Kalymnos Verdon\" \/>\n<meta name=\"robots\" content=\"index, follow, max-snippet:-1, max-image-preview:large, max-video-preview:-1\" \/>\n<link rel=\"canonical\" href=\"https:\/\/www.leonidioclimbingguide.com\/en\/\" \/>\n<meta property=\"og:locale\" content=\"en_US\" \/>\n<meta property=\"og:type\" content=\"article\" \/>\n<meta property=\"og:title\" content=\"Leonidio Climbing Guide - Simon Montmory - Escalade Gr\u00e8ce P\u00e9loponn\u00e8se\" \/>\n<meta property=\"og:description\" content=\"Outdoor climbing courses, personalized coaching for climbers from 5 to 8a. Stages escalade perfectionnement falaise, coaching Leonidio Kalymnos Verdon\" \/>\n<meta property=\"og:url\" content=\"https:\/\/www.leonidioclimbingguide.com\/en\/\" \/>\n<meta property=\"og:site_name\" content=\"Leonidio Climbing Guide\" \/>\n<meta property=\"article:modified_time\" content=\"2024-02-09T15:33:47+00:00\" \/>\n<meta name=\"twitter:card\" content=\"summary_large_image\" \/>\n<meta name=\"twitter:label1\" content=\"Est. reading time\" \/>\n\t<meta name=\"twitter:data1\" content=\"2 minutes\" \/>\n<script type=\"application\/ld+json\" class=\"yoast-schema-graph\">{\"@context\":\"https:\\\/\\\/schema.org\",\"@graph\":[{\"@type\":\"WebPage\",\"@id\":\"https:\\\/\\\/www.leonidioclimbingguide.com\\\/en\\\/\",\"url\":\"https:\\\/\\\/www.leonidioclimbingguide.com\\\/en\\\/\",\"name\":\"Leonidio Climbing Guide - Simon Montmory - Escalade Gr\u00e8ce P\u00e9loponn\u00e8se\",\"isPartOf\":{\"@id\":\"https:\\\/\\\/www.leonidioclimbingguide.com\\\/en\\\/#website\"},\"datePublished\":\"2016-02-19T18:46:44+00:00\",\"dateModified\":\"2024-02-09T15:33:47+00:00\",\"description\":\"Outdoor climbing courses, personalized coaching for climbers from 5 to 8a. Stages escalade perfectionnement falaise, coaching Leonidio Kalymnos Verdon\",\"breadcrumb\":{\"@id\":\"https:\\\/\\\/www.leonidioclimbingguide.com\\\/en\\\/#breadcrumb\"},\"inLanguage\":\"en-US\",\"potentialAction\":[{\"@type\":\"ReadAction\",\"target\":[[\"https:\\\/\\\/www.leonidioclimbingguide.com\\\/en\\\/\"]]}]},{\"@type\":\"BreadcrumbList\",\"@id\":\"https:\\\/\\\/www.leonidioclimbingguide.com\\\/en\\\/#breadcrumb\",\"itemListElement\":[{\"@type\":\"ListItem\",\"position\":1,\"name\":\"Accueil\",\"item\":\"https:\\\/\\\/www.leonidioclimbingguide.com\\\/en\\\/\"},{\"@type\":\"ListItem\",\"position\":2,\"name\":\"Accueil\"}]},{\"@type\":\"WebSite\",\"@id\":\"https:\\\/\\\/www.leonidioclimbingguide.com\\\/en\\\/#website\",\"url\":\"https:\\\/\\\/www.leonidioclimbingguide.com\\\/en\\\/\",\"name\":\"Leonidio Climbing Guide\",\"description\":\"\",\"potentialAction\":[{\"@type\":\"SearchAction\",\"target\":{\"@type\":\"EntryPoint\",\"urlTemplate\":\"https:\\\/\\\/www.leonidioclimbingguide.com\\\/en\\\/?s={search_term_string}\"},\"query-input\":{\"@type\":\"PropertyValueSpecification\",\"valueRequired\":true,\"valueName\":\"search_term_string\"}}],\"inLanguage\":\"en-US\"}]}<\/script>\n<!-- \/ Yoast SEO plugin. -->","yoast_head_json":{"title":"Leonidio Climbing Guide - Simon Montmory - Escalade Gr\u00e8ce P\u00e9loponn\u00e8se","description":"Outdoor climbing courses, personalized coaching for climbers from 5 to 8a. Stages escalade perfectionnement falaise, coaching Leonidio Kalymnos Verdon","robots":{"index":"index","follow":"follow","max-snippet":"max-snippet:-1","max-image-preview":"max-image-preview:large","max-video-preview":"max-video-preview:-1"},"canonical":"https:\/\/www.leonidioclimbingguide.com\/en\/","og_locale":"en_US","og_type":"article","og_title":"Leonidio Climbing Guide - Simon Montmory - Escalade Gr\u00e8ce P\u00e9loponn\u00e8se","og_description":"Outdoor climbing courses, personalized coaching for climbers from 5 to 8a. Stages escalade perfectionnement falaise, coaching Leonidio Kalymnos Verdon","og_url":"https:\/\/www.leonidioclimbingguide.com\/en\/","og_site_name":"Leonidio Climbing Guide","article_modified_time":"2024-02-09T15:33:47+00:00","twitter_card":"summary_large_image","twitter_misc":{"Est. reading time":"2 minutes"},"schema":{"@context":"https:\/\/schema.org","@graph":[{"@type":"WebPage","@id":"https:\/\/www.leonidioclimbingguide.com\/en\/","url":"https:\/\/www.leonidioclimbingguide.com\/en\/","name":"Leonidio Climbing Guide - Simon Montmory - Escalade Gr\u00e8ce P\u00e9loponn\u00e8se","isPartOf":{"@id":"https:\/\/www.leonidioclimbingguide.com\/en\/#website"},"datePublished":"2016-02-19T18:46:44+00:00","dateModified":"2024-02-09T15:33:47+00:00","description":"Outdoor climbing courses, personalized coaching for climbers from 5 to 8a. Stages escalade perfectionnement falaise, coaching Leonidio Kalymnos Verdon","breadcrumb":{"@id":"https:\/\/www.leonidioclimbingguide.com\/en\/#breadcrumb"},"inLanguage":"en-US","potentialAction":[{"@type":"ReadAction","target":[["https:\/\/www.leonidioclimbingguide.com\/en\/"]]}]},{"@type":"BreadcrumbList","@id":"https:\/\/www.leonidioclimbingguide.com\/en\/#breadcrumb","itemListElement":[{"@type":"ListItem","position":1,"name":"Accueil","item":"https:\/\/www.leonidioclimbingguide.com\/en\/"},{"@type":"ListItem","position":2,"name":"Accueil"}]},{"@type":"WebSite","@id":"https:\/\/www.leonidioclimbingguide.com\/en\/#website","url":"https:\/\/www.leonidioclimbingguide.com\/en\/","name":"Leonidio Climbing Guide","description":"","potentialAction":[{"@type":"SearchAction","target":{"@type":"EntryPoint","urlTemplate":"https:\/\/www.leonidioclimbingguide.com\/en\/?s={search_term_string}"},"query-input":{"@type":"PropertyValueSpecification","valueRequired":true,"valueName":"search_term_string"}}],"inLanguage":"en-US"}]}},"_links":{"self":[{"href":"https:\/\/www.leonidioclimbingguide.com\/en\/wp-json\/wp\/v2\/pages\/490","targetHints":{"allow":["GET"]}}],"collection":[{"href":"https:\/\/www.leonidioclimbingguide.com\/en\/wp-json\/wp\/v2\/pages"}],"about":[{"href":"https:\/\/www.leonidioclimbingguide.com\/en\/wp-json\/wp\/v2\/types\/page"}],"author":[{"embeddable":true,"href":"https:\/\/www.leonidioclimbingguide.com\/en\/wp-json\/wp\/v2\/users\/1"}],"replies":[{"embeddable":true,"href":"https:\/\/www.leonidioclimbingguide.com\/en\/wp-json\/wp\/v2\/comments?post=490"}],"version-history":[{"count":99,"href":"https:\/\/www.leonidioclimbingguide.com\/en\/wp-json\/wp\/v2\/pages\/490\/revisions"}],"predecessor-version":[{"id":971,"href":"https:\/\/www.leonidioclimbingguide.com\/en\/wp-json\/wp\/v2\/pages\/490\/revisions\/971"}],"wp:attachment":[{"href":"https:\/\/www.leonidioclimbingguide.com\/en\/wp-json\/wp\/v2\/media?parent=490"}],"curies":[{"name":"wp","href":"https:\/\/api.w.org\/{rel}","templated":true}]}}